{"id":197,"date":"2018-12-07T12:12:31","date_gmt":"2018-12-07T12:12:31","guid":{"rendered":"http:\/\/www.oportosensationstour.com\/?page_id=197"},"modified":"2025-02-03T10:15:19","modified_gmt":"2025-02-03T10:15:19","slug":"termos-condicoes","status":"publish","type":"page","link":"https:\/\/www.oportosensationstour.com\/pt\/termos-condicoes\/","title":{"rendered":"Termos &amp; condi\u00e7\u00f5es"},"content":{"rendered":"<img loading=\"lazy\" decoding=\"async\" src=\"https:\/\/www.oportosensationstour.com\/wp-content\/uploads\/2022\/12\/capa-termos-e-condicoes-1.png\" alt=\"capa termos e condi\u00e7\u00f5es (1)\" itemprop=\"image\" height=\"497\" width=\"1902\" title=\"capa termos e condi\u00e7\u00f5es (1)\" onerror=\"this.style.display='none'\"  \/>\n\t\t\t\t<img loading=\"lazy\" decoding=\"async\" src=\"https:\/\/www.oportosensationstour.com\/wp-content\/uploads\/2022\/12\/capa-termos-e-condicoes-1.png\" alt=\"capa termos e condi\u00e7\u00f5es (1)\" itemprop=\"image\" height=\"497\" width=\"1902\" title=\"capa termos e condi\u00e7\u00f5es (1)\" onerror=\"this.style.display='none'\"  \/>\n<h1>\n\t\tContactos\n\t<\/h1>\n\t<ul>\n<li>Os tours s\u00e3o efetuados em viaturas de 5 a 9 lugares com ar condicionado;<\/li>\n<li>Tours realizados com grupos pequenos at\u00e9 8 pessoas;<\/li>\n<li>Solicitar um tour privado, \u00e9 cobrado uma taxa adicional de 250 euros;<\/li>\n<li>Clientes abrangidos por seguros de acordo com a legisla\u00e7\u00e3o portuguesa;<\/li>\n<li>Caso algum local de visita esteja fechado no dia do tour, providenciamos alternativas;<\/li>\n<li class=\"translation-block\">A Oporto Sensations Tour n\u00e3o \u00e9 respons\u00e1vel por objetos deixados na viatura;<\/li>\n<li class=\"translation-block\">N\u00e3o nos responsabilizamos por atrasos ocorridos devido ao tr\u00e2nsito, avarias mec\u00e2nicas,<br> acidentes ou condi\u00e7\u00f5es clim\u00e1ticas;<\/li>\n<li class=\"translation-block\">Em servi\u00e7os pr\u00e9 pagos, se o cliente se atrasar mais de 10min ou n\u00e3o comparecer no ponto de encontro,<br> n\u00e3o haver\u00e1 direito a reembolso.<\/li>\n<li class=\"translation-block\">Servi\u00e7os sujeitos a disponibilidade e apenas se realizam com m\u00ednimo de 2 pessoas, se for um<br> viajante sozinho podemos tentar arranjar solu\u00e7\u00e3o;<\/li>\n<li class=\"translation-block\">O pagamento pode ser realizado via transfer\u00eancia banc\u00e1ria 8 dias antes da data do tour ou no<br> dia do tour em dinheiro;<\/li>\n<li class=\"translation-block\">Cancelamentos de servi\u00e7os pr\u00e9-pagos feitos at\u00e9 48 horas de anteced\u00eancia ter\u00e3o direito a reembolso <br>total, ap\u00f3s este per\u00edodo \u00e9 cobrado 100% do valor;<\/li>\n<li class=\"translation-block\">A Oporto Sensations Tour tem o direito de cancelar o tour, oferecendo alternativa ao cliente ou o reembolso total;<\/li>\n<li class=\"translation-block\">As reservas diretas podem ser feitas atrav\u00e9s do nosso site, e-mail ou telefone. S\u00f3 est\u00e3o confirmadas ap\u00f3s enviarmos por escrito atrav\u00e9s de e-mail, Whatsapp, Facebook ou SMS a confirma\u00e7\u00e3o;<\/li>\n<li class=\"translation-block\">N\u00e3o \u00e9 permitido fumar, comer e beber, com exce\u00e7\u00e3o de \u00e1gua, dentro do ve\u00edculo;<\/li>\n<li class=\"translation-block\">Crian\u00e7as at\u00e9 aos 3 anos \u00e9 gr\u00e1tis, 50% desconto entre os 4 e 11 anos, a partir de 12 anos \u00e9 valor de adulto. O guia tem o direito de solicitar o comprovativo de idade da crian\u00e7a (cart\u00e3o do cidad\u00e3o);\u200b<\/li>\n<li>Apenas as reservas feitas atrav\u00e9s do nosso site, t\u00eam direito aos pre\u00e7os mencionados, bem como, a ofertas especiais.<\/li>\n<li>Descontos n\u00e3o acumul\u00e1veis<\/li>\n<li>Todos os pre\u00e7os anunciados incluem IVA \u00e0 taxa legal em vigor.<\/li>\n<\/ul>","protected":false},"excerpt":{"rendered":"<p>Contactos Tours in 5 to\u00a09\u00a0seats vehicles with air conditioning; Tours with small groups, up to 8 people; Requesting a private tour is charged an additional fee of 250 euros; Passengers insurance according to the Portuguese legislation; In case a place of visit is closed, an alternative will be provided; Oporto Sensations Tour is not liable [&hellip;]<\/p>","protected":false},"author":1,"featured_media":0,"parent":0,"menu_order":0,"comment_status":"closed","ping_status":"closed","template":"","meta":{"_acf_changed":false,"site-sidebar-layout":"no-sidebar","site-content-layout":"page-builder","ast-site-content-layout":"full-width-container","site-content-style":"unboxed","site-sidebar-style":"unboxed","ast-global-header-display":"","ast-banner-title-visibility":"","ast-main-header-display":"","ast-hfb-above-header-display":"","ast-hfb-below-header-display":"","ast-hfb-mobile-header-display":"","site-post-title":"disabled","ast-breadcrumbs-content":"","ast-featured-img":"disabled","footer-sml-layout":"","theme-transparent-header-meta":"default","adv-header-id-meta":"","stick-header-meta":"","header-above-stick-meta":"","header-main-stick-meta":"","header-below-stick-meta":"","astra-migrate-meta-layouts":"set","ast-page-background-enabled":"default","ast-page-background-meta":{"desktop":{"background-color":"","background-image":"","background-repeat":"repeat","background-position":"center center","background-size":"auto","background-attachment":"scroll","background-type":"","background-media":"","overlay-type":"","overlay-color":"","overlay-opacity":"","overlay-gradient":""},"tablet":{"background-color":"","background-image":"","background-repeat":"repeat","background-position":"center center","background-size":"auto","background-attachment":"scroll","background-type":"","background-media":"","overlay-type":"","overlay-color":"","overlay-opacity":"","overlay-gradient":""},"mobile":{"background-color":"","background-image":"","background-repeat":"repeat","background-position":"center center","background-size":"auto","background-attachment":"scroll","background-type":"","background-media":"","overlay-type":"","overlay-color":"","overlay-opacity":"","overlay-gradient":""}},"ast-content-background-meta":{"desktop":{"background-color":"var(--ast-global-color-5)","background-image":"","background-repeat":"repeat","background-position":"center center","background-size":"auto","background-attachment":"scroll","background-type":"","background-media":"","overlay-type":"","overlay-color":"","overlay-opacity":"","overlay-gradient":""},"tablet":{"background-color":"var(--ast-global-color-5)","background-image":"","background-repeat":"repeat","background-position":"center center","background-size":"auto","background-attachment":"scroll","background-type":"","background-media":"","overlay-type":"","overlay-color":"","overlay-opacity":"","overlay-gradient":""},"mobile":{"background-color":"var(--ast-global-color-5)","background-image":"","background-repeat":"repeat","background-position":"center center","background-size":"auto","background-attachment":"scroll","background-type":"","background-media":"","overlay-type":"","overlay-color":"","overlay-opacity":"","overlay-gradient":""}},"footnotes":""},"class_list":["post-197","page","type-page","status-publish","hentry"],"acf":[],"_links":{"self":[{"href":"https:\/\/www.oportosensationstour.com\/pt\/wp-json\/wp\/v2\/pages\/197"}],"collection":[{"href":"https:\/\/www.oportosensationstour.com\/pt\/wp-json\/wp\/v2\/pages"}],"about":[{"href":"https:\/\/www.oportosensationstour.com\/pt\/wp-json\/wp\/v2\/types\/page"}],"author":[{"embeddable":true,"href":"https:\/\/www.oportosensationstour.com\/pt\/wp-json\/wp\/v2\/users\/1"}],"replies":[{"embeddable":true,"href":"https:\/\/www.oportosensationstour.com\/pt\/wp-json\/wp\/v2\/comments?post=197"}],"version-history":[{"count":9,"href":"https:\/\/www.oportosensationstour.com\/pt\/wp-json\/wp\/v2\/pages\/197\/revisions"}],"predecessor-version":[{"id":9680,"href":"https:\/\/www.oportosensationstour.com\/pt\/wp-json\/wp\/v2\/pages\/197\/revisions\/9680"}],"wp:attachment":[{"href":"https:\/\/www.oportosensationstour.com\/pt\/wp-json\/wp\/v2\/media?parent=197"}],"curies":[{"name":"wp","href":"https:\/\/api.w.org\/{rel}","templated":true}]}}