{"id":253,"date":"2018-12-07T16:50:37","date_gmt":"2018-12-07T16:50:37","guid":{"rendered":"http:\/\/www.oportosensationstour.com\/?page_id=253"},"modified":"2026-02-28T11:25:55","modified_gmt":"2026-02-28T11:25:55","slug":"home","status":"publish","type":"page","link":"https:\/\/www.oportosensationstour.com\/es\/","title":{"rendered":"Home"},"content":{"rendered":"<img loading=\"lazy\" decoding=\"async\" src=\"https:\/\/www.oportosensationstour.com\/wp-content\/uploads\/2026\/02\/image00001-1.jpeg\" alt=\"image00001 (1)\" itemprop=\"image\" height=\"678\" width=\"1170\" title=\"image00001 (1)\" onerror=\"this.style.display='none'\"  \/>\n\t<h3>\n\t\t\t\tOporto Sensations Tour\n\t\t\t<\/h3>\n\t\t<p>Oporto Sensations Tour, tiene como misi\u00f3n ofrecerles a nuestros clientes un servicio de excelencia en el \u00e1mbito de paseos tur\u00edsticos.<br \/>Somos una empresa familiar de servicio personalizado, donde la satisfacci\u00f3n del cliente es primordial para nosotros.<br \/><strong>We create authentic tours distinct from the traditional.<\/strong><br \/>\u200b<\/p>\t\n                        \t<img decoding=\"async\" src=\"https:\/\/www.oportosensationstour.com\/wp-content\/uploads\/2026\/02\/unnamed.png\" alt=\"https:\/\/www.oportosensationstour.com\/wp-content\/uploads\/2026\/02\/unnamed.png\" data-no-lazy=\"1\" \/>\n                        \t<img decoding=\"async\" src=\"https:\/\/www.oportosensationstour.com\/wp-content\/uploads\/2024\/07\/Travelers-Choice-2024.jpg\" alt=\"https:\/\/www.oportosensationstour.com\/wp-content\/uploads\/2024\/07\/Travelers-Choice-2024.jpg\" data-no-lazy=\"1\" \/>\n                        \t<img decoding=\"async\" src=\"https:\/\/www.oportosensationstour.com\/wp-content\/uploads\/2026\/01\/2024-1.jpg\" alt=\"https:\/\/www.oportosensationstour.com\/wp-content\/uploads\/2026\/01\/2024-1.jpg\" data-no-lazy=\"1\" \/>\n                        \t<img decoding=\"async\" src=\"https:\/\/www.oportosensationstour.com\/wp-content\/uploads\/2023\/08\/Captura-de-ecra-2023-07-04-115507.png\" alt=\"https:\/\/www.oportosensationstour.com\/wp-content\/uploads\/2023\/08\/Captura-de-ecra-2023-07-04-115507.png\" data-no-lazy=\"1\" \/>\n                        \t<img decoding=\"async\" src=\"https:\/\/www.oportosensationstour.com\/wp-content\/uploads\/2023\/01\/2022_1.png\" alt=\"https:\/\/www.oportosensationstour.com\/wp-content\/uploads\/2023\/01\/2022_1.png\" data-no-lazy=\"1\" \/>\n                        \t<img decoding=\"async\" src=\"https:\/\/www.oportosensationstour.com\/wp-content\/uploads\/2023\/01\/2021_1.png\" alt=\"https:\/\/www.oportosensationstour.com\/wp-content\/uploads\/2023\/01\/2021_1.png\" data-no-lazy=\"1\" \/>\n                        \t<img decoding=\"async\" src=\"https:\/\/www.oportosensationstour.com\/wp-content\/uploads\/2023\/01\/2019_1.png\" alt=\"https:\/\/www.oportosensationstour.com\/wp-content\/uploads\/2023\/01\/2019_1.png\" data-no-lazy=\"1\" \/>\n                        \t<img decoding=\"async\" src=\"https:\/\/www.oportosensationstour.com\/wp-content\/uploads\/2023\/01\/2018_1.png\" alt=\"https:\/\/www.oportosensationstour.com\/wp-content\/uploads\/2023\/01\/2018_1.png\" data-no-lazy=\"1\" \/>\n                        \t<img decoding=\"async\" src=\"https:\/\/www.oportosensationstour.com\/wp-content\/uploads\/2023\/01\/2017_1.png\" alt=\"https:\/\/www.oportosensationstour.com\/wp-content\/uploads\/2023\/01\/2017_1.png\" data-no-lazy=\"1\" \/>\n\t\t<h2>Ver nuestros tours<\/h2>\n\t\t\t\t<p><strong>Tenemos una selecci\u00f3n de experiencias \u00fanicas.<\/strong><\/p>\n\t\t\t<a href=\"https:\/\/www.oportosensationstour.com\/es\/tours-porto\/\" target=\"_self\" role=\"button\" rel=\"noopener\">\n\t\t\t\t\t\t\tVer tours\n\t\t<\/a>\n\t<h2>\n\t\t\t\tWHY CHOOSE OPORTO SENSATIONS TOUR?\n\t\t\t<\/h2>\n\t\t<br \/>\n\t\t\t\t\t\t\t\tEmpresa licenciada de Turismo\n\t\t\t\t<p><strong>Portugal&#8217;s Tourism licensed company<\/strong><\/p>\n\t\t\t\t\t\t\t\tProfesionalismo\n<strong>Gu\u00edas acreditados, carnet profesional, con experiencias, simp\u00e1ticos y amables.<\/strong>\n\t\t\t\t\t\t\t\tTransporte personalizado\n\t\t\t\t<p><strong>Comfortable new vehicles, with air conditioning.<\/strong><\/p>\n\t\t\t\t\t\t\t\tSeguridad\n\t\t\t\t<p><strong>Seguro de accidentes personales y de responsabilidad civil para todos los ocupantes de nuestros veh\u00edculos.<\/strong><\/p>\n\t\t\t\t\t\t\t\tPeque\u00f1os grupos\n<p><strong>Garantizamos un servicio personalizado permitiendo la calidad de su visita.<\/strong><\/p>\n\t\t\t\t\t\t\t\tComodidad \n<p><strong>Pick up y drop off en el hotel\/apartamento.<\/strong><\/p>\n\t\t\t\t\t\t\t\tDirigido hacia los Clientes\n\t\t\t\t<p><strong>Who are looking for a quality, personalized service and, above all, willing to make their stay in Oporto an unforgettable experience.<\/strong><\/p>\n\t<h2>\n\t\t\t\tAsociados\n\t\t\t<\/h2>\n                    <a href=\"https:\/\/www.sograpevinhos.com\/\" target=\"_blank\" rel=\"noopener\">\n                        \t<img decoding=\"async\" src=\"https:\/\/www.oportosensationstour.com\/wp-content\/uploads\/2018\/12\/Sogrape-vinhos.jpg\" alt=\"https:\/\/www.oportosensationstour.com\/wp-content\/uploads\/2018\/12\/Sogrape-vinhos.jpg\" data-no-lazy=\"1\" \/>\n                            <\/a>\n                    <a href=\"http:\/\/www.sandeman.com\/age-check\" target=\"_blank\" rel=\"noopener\">\n                        \t<img decoding=\"async\" src=\"https:\/\/www.oportosensationstour.com\/wp-content\/uploads\/2018\/12\/sandeman.png\" alt=\"https:\/\/www.oportosensationstour.com\/wp-content\/uploads\/2018\/12\/sandeman.png\" data-no-lazy=\"1\" \/>\n                            <\/a>\n                    <a href=\"http:\/\/www.golddrink.pt\/quintas\/quinta-de-marrocos\" target=\"_blank\" rel=\"noopener\">\n                        \t<img decoding=\"async\" src=\"https:\/\/www.oportosensationstour.com\/wp-content\/uploads\/2018\/12\/Quinta-de-Marrocos.jpg\" alt=\"https:\/\/www.oportosensationstour.com\/wp-content\/uploads\/2018\/12\/Quinta-de-Marrocos.jpg\" data-no-lazy=\"1\" \/>\n                            <\/a>\n                    <a href=\"http:\/\/croftport.com\/pt\/visite-nos\/quinta-da-roeda-douro\/\" target=\"_blank\" rel=\"noopener\">\n                        \t<img decoding=\"async\" src=\"https:\/\/www.oportosensationstour.com\/wp-content\/uploads\/2018\/12\/quinta-da-roeda.jpg\" alt=\"https:\/\/www.oportosensationstour.com\/wp-content\/uploads\/2018\/12\/quinta-da-roeda.jpg\" data-no-lazy=\"1\" \/>\n                            <\/a>\n                    <a href=\"https:\/\/www.portocard.city\/en\/test-experiences\/save-money-portocard\/?gclid=EAIaIQobChMIs8Ws84yV3wIVJ7XtCh3ZygUdEAAYASAAEgJXdfD_BwE\" target=\"_blank\" rel=\"noopener\">\n                        \t<img decoding=\"async\" src=\"https:\/\/www.oportosensationstour.com\/wp-content\/uploads\/2018\/12\/portoCard.png\" alt=\"https:\/\/www.oportosensationstour.com\/wp-content\/uploads\/2018\/12\/portoCard.png\" data-no-lazy=\"1\" \/>\n                            <\/a>\n                    <a href=\"https:\/\/www.sograpevinhos.com\/marcas\/Porto%20Ferreira\" target=\"_blank\" rel=\"noopener\">\n                        \t<img decoding=\"async\" src=\"https:\/\/www.oportosensationstour.com\/wp-content\/uploads\/2018\/12\/Porto-Ferreira.jpg\" alt=\"https:\/\/www.oportosensationstour.com\/wp-content\/uploads\/2018\/12\/Porto-Ferreira.jpg\" data-no-lazy=\"1\" \/>\n                            <\/a>\n                    <a href=\"https:\/\/www.sograpevinhos.com\/marcas\/Offley\" target=\"_blank\" rel=\"noopener\">\n                        \t<img decoding=\"async\" src=\"https:\/\/www.oportosensationstour.com\/wp-content\/uploads\/2018\/12\/offley.jpg\" alt=\"https:\/\/www.oportosensationstour.com\/wp-content\/uploads\/2018\/12\/offley.jpg\" data-no-lazy=\"1\" \/>\n                            <\/a>\n                        \t<img decoding=\"async\" src=\"https:\/\/www.oportosensationstour.com\/wp-content\/uploads\/2022\/12\/6-300x163.jpg\" alt=\"https:\/\/www.oportosensationstour.com\/wp-content\/uploads\/2022\/12\/6-300x163.jpg\" data-no-lazy=\"1\" \/>\n                    <a href=\"http:\/\/www.fonseca.pt\/pt\/\" target=\"_blank\" rel=\"noopener\">\n                        \t<img decoding=\"async\" src=\"https:\/\/www.oportosensationstour.com\/wp-content\/uploads\/2018\/12\/fonseca.jpg\" alt=\"https:\/\/www.oportosensationstour.com\/wp-content\/uploads\/2018\/12\/fonseca.jpg\" data-no-lazy=\"1\" \/>\n                            <\/a>\n                    <a href=\"http:\/\/www.croftport.com\/en\/\" target=\"_blank\" rel=\"noopener\">\n                        \t<img decoding=\"async\" src=\"https:\/\/www.oportosensationstour.com\/wp-content\/uploads\/2018\/12\/croft-1.jpg\" alt=\"https:\/\/www.oportosensationstour.com\/wp-content\/uploads\/2018\/12\/croft-1.jpg\" data-no-lazy=\"1\" \/>\n                            <\/a>\n                    <a href=\"http:\/\/www.cipvv.pt\/pt\/\" target=\"_blank\" rel=\"noopener\">\n                        \t<img decoding=\"async\" src=\"https:\/\/www.oportosensationstour.com\/wp-content\/uploads\/2018\/12\/cipvv.jpg\" alt=\"https:\/\/www.oportosensationstour.com\/wp-content\/uploads\/2018\/12\/cipvv.jpg\" data-no-lazy=\"1\" \/>\n                            <\/a>\n                    <a href=\"http:\/\/www.fonseca.pt\/pt\/visite-nos\/\" target=\"_blank\" rel=\"noopener\">\n                        \t<img decoding=\"async\" src=\"https:\/\/www.oportosensationstour.com\/wp-content\/uploads\/2018\/12\/capa_24598.jpg\" alt=\"https:\/\/www.oportosensationstour.com\/wp-content\/uploads\/2018\/12\/capa_24598.jpg\" data-no-lazy=\"1\" \/>\n                            <\/a>\n                    <a href=\"http:\/\/www.kibersurfshop.com\/\" target=\"_blank\" rel=\"noopener\">\n                        \t<img decoding=\"async\" src=\"https:\/\/www.oportosensationstour.com\/wp-content\/uploads\/2018\/12\/1502890191.5259_21256848535ba1121107588.png\" alt=\"https:\/\/www.oportosensationstour.com\/wp-content\/uploads\/2018\/12\/1502890191.5259_21256848535ba1121107588.png\" data-no-lazy=\"1\" \/>\n                            <\/a>\n                    <a href=\"https:\/\/ctdouro.com\/en\/\" target=\"_blank\" rel=\"noopener\">\n                        \t<img decoding=\"async\" src=\"https:\/\/www.oportosensationstour.com\/wp-content\/uploads\/2018\/12\/logotipowhite.png\" alt=\"https:\/\/www.oportosensationstour.com\/wp-content\/uploads\/2018\/12\/logotipowhite.png\" data-no-lazy=\"1\" \/>\n                            <\/a>\n                    <a href=\"http:\/\/www.aveirocompaixao.pt\/pt\/\" target=\"_blank\" rel=\"noopener\">\n                        \t<img decoding=\"async\" src=\"https:\/\/www.oportosensationstour.com\/wp-content\/uploads\/2018\/12\/logo.png\" alt=\"https:\/\/www.oportosensationstour.com\/wp-content\/uploads\/2018\/12\/logo.png\" data-no-lazy=\"1\" \/>\n                            <\/a>\n                        \t<img decoding=\"async\" src=\"https:\/\/www.oportosensationstour.com\/wp-content\/uploads\/2021\/12\/The-Vintage-House-Hotel-Dou.png\" alt=\"https:\/\/www.oportosensationstour.com\/wp-content\/uploads\/2021\/12\/The-Vintage-House-Hotel-Dou.png\" data-no-lazy=\"1\" \/>\n\t<p><strong> We take pride in our team of certified professionals, passionate about what they do and with an in-depth knowledge of Oporto and its ambiance. They guarantee a high-quality service and high levels of client satisfaction.<\/strong><\/p>","protected":false},"excerpt":{"rendered":"<p>Oporto Sensations Tour Our goal is to provide our costumers with a premium service when it comes to guided tours.We are a family company who treats our clients on a first name basis and where client satisfaction is a must.We create authentic tours distinct from the traditional.\u200b CHECK OUR TOURS We have a wide selection [&hellip;]<\/p>","protected":false},"author":1,"featured_media":5545,"parent":0,"menu_order":0,"comment_status":"closed","ping_status":"closed","template":"","meta":{"_acf_changed":false,"site-sidebar-layout":"no-sidebar","site-content-layout":"page-builder","ast-site-content-layout":"full-width-container","site-content-style":"unboxed","site-sidebar-style":"unboxed","ast-global-header-display":"","ast-banner-title-visibility":"","ast-main-header-display":"","ast-hfb-above-header-display":"","ast-hfb-below-header-display":"","ast-hfb-mobile-header-display":"","site-post-title":"disabled","ast-breadcrumbs-content":"","ast-featured-img":"disabled","footer-sml-layout":"","theme-transparent-header-meta":"default","adv-header-id-meta":"","stick-header-meta":"","header-above-stick-meta":"","header-main-stick-meta":"","header-below-stick-meta":"","astra-migrate-meta-layouts":"set","ast-page-background-enabled":"default","ast-page-background-meta":{"desktop":{"background-color":"","background-image":"","background-repeat":"repeat","background-position":"center center","background-size":"auto","background-attachment":"scroll","background-type":"","background-media":"","overlay-type":"","overlay-color":"","overlay-opacity":"","overlay-gradient":""},"tablet":{"background-color":"","background-image":"","background-repeat":"repeat","background-position":"center center","background-size":"auto","background-attachment":"scroll","background-type":"","background-media":"","overlay-type":"","overlay-color":"","overlay-opacity":"","overlay-gradient":""},"mobile":{"background-color":"","background-image":"","background-repeat":"repeat","background-position":"center center","background-size":"auto","background-attachment":"scroll","background-type":"","background-media":"","overlay-type":"","overlay-color":"","overlay-opacity":"","overlay-gradient":""}},"ast-content-background-meta":{"desktop":{"background-color":"var(--ast-global-color-5)","background-image":"","background-repeat":"repeat","background-position":"center center","background-size":"auto","background-attachment":"scroll","background-type":"","background-media":"","overlay-type":"","overlay-color":"","overlay-opacity":"","overlay-gradient":""},"tablet":{"background-color":"var(--ast-global-color-5)","background-image":"","background-repeat":"repeat","background-position":"center center","background-size":"auto","background-attachment":"scroll","background-type":"","background-media":"","overlay-type":"","overlay-color":"","overlay-opacity":"","overlay-gradient":""},"mobile":{"background-color":"var(--ast-global-color-5)","background-image":"","background-repeat":"repeat","background-position":"center center","background-size":"auto","background-attachment":"scroll","background-type":"","background-media":"","overlay-type":"","overlay-color":"","overlay-opacity":"","overlay-gradient":""}},"footnotes":""},"class_list":["post-253","page","type-page","status-publish","has-post-thumbnail","hentry"],"acf":[],"_links":{"self":[{"href":"https:\/\/www.oportosensationstour.com\/es\/wp-json\/wp\/v2\/pages\/253"}],"collection":[{"href":"https:\/\/www.oportosensationstour.com\/es\/wp-json\/wp\/v2\/pages"}],"about":[{"href":"https:\/\/www.oportosensationstour.com\/es\/wp-json\/wp\/v2\/types\/page"}],"author":[{"embeddable":true,"href":"https:\/\/www.oportosensationstour.com\/es\/wp-json\/wp\/v2\/users\/1"}],"replies":[{"embeddable":true,"href":"https:\/\/www.oportosensationstour.com\/es\/wp-json\/wp\/v2\/comments?post=253"}],"version-history":[{"count":32,"href":"https:\/\/www.oportosensationstour.com\/es\/wp-json\/wp\/v2\/pages\/253\/revisions"}],"predecessor-version":[{"id":11596,"href":"https:\/\/www.oportosensationstour.com\/es\/wp-json\/wp\/v2\/pages\/253\/revisions\/11596"}],"wp:featuredmedia":[{"embeddable":true,"href":"https:\/\/www.oportosensationstour.com\/es\/wp-json\/wp\/v2\/media\/5545"}],"wp:attachment":[{"href":"https:\/\/www.oportosensationstour.com\/es\/wp-json\/wp\/v2\/media?parent=253"}],"curies":[{"name":"wp","href":"https:\/\/api.w.org\/{rel}","templated":true}]}}