{"id":197,"date":"2018-12-07T12:12:31","date_gmt":"2018-12-07T12:12:31","guid":{"rendered":"http:\/\/www.oportosensationstour.com\/?page_id=197"},"modified":"2025-02-03T10:15:19","modified_gmt":"2025-02-03T10:15:19","slug":"termos-condicoes","status":"publish","type":"page","link":"https:\/\/www.oportosensationstour.com\/es\/termos-condicoes\/","title":{"rendered":"T\u00e9rminos y Condiciones"},"content":{"rendered":"<img loading=\"lazy\" decoding=\"async\" src=\"https:\/\/www.oportosensationstour.com\/wp-content\/uploads\/2022\/12\/capa-termos-e-condicoes-1.png\" alt=\"capa termos e condi\u00e7\u00f5es (1)\" itemprop=\"image\" height=\"497\" width=\"1902\" title=\"capa termos e condi\u00e7\u00f5es (1)\" onerror=\"this.style.display='none'\"  \/>\n\t\t\t\t<img loading=\"lazy\" decoding=\"async\" src=\"https:\/\/www.oportosensationstour.com\/wp-content\/uploads\/2022\/12\/capa-termos-e-condicoes-1.png\" alt=\"capa termos e condi\u00e7\u00f5es (1)\" itemprop=\"image\" height=\"497\" width=\"1902\" title=\"capa termos e condi\u00e7\u00f5es (1)\" onerror=\"this.style.display='none'\"  \/>\n<h1>\n\t\tContactos\n\t<\/h1>\n\t<ul>\n<li>Las visitas se realizan en veh\u00edculos de 5 a 9 plazas con aire acondicionado;<\/li>\n<li>Los tours se organizan con grupos peque\u00f1os de hasta 8 personas;<\/li>\n<li>Si solicita un tour privado, habr\u00e1 un cargo adicional de 250 euros;<\/li>\n<li>Clientes cubiertos por un seguro de acuerdo con la legislaci\u00f3n portuguesa;<\/li>\n<li>En caso de que alguno de los monumentos est\u00e9 cerrado el d\u00eda del tour, le ofreceremos alternativas;<\/li>\n<li class=\"translation-block\">Oporto Sensations Tour no se responsabiliza por objetos dejados en el veh\u00edculo;<\/li>\n<li class=\"translation-block\">No nos responsabilizamos por retrasos debidos al tr\u00e1fico, aver\u00edas mec\u00e1nicas, accidentes o condiciones meteorol\u00f3gicas;<\/li>\n<li class=\"translation-block\">En el caso de servicios prepagados, si el cliente se retrasa m\u00e1s de 10 minutos o no se presenta en el punto de encuentro, no habr\u00e1 derecho a reembolso.<\/li>\n<li class=\"translation-block\">Los servicios est\u00e1n sujetos a disponibilidad y s\u00f3lo pueden realizarse con un m\u00ednimo de 2 personas. Si viaja solo podemos intentar encontrar una soluci\u00f3n;<\/li>\n<li class=\"translation-block\">El pago puede realizarse mediante transferencia bancaria 8 d\u00edas antes de la fecha del tour o el d\u00eda del tour en efectivo o el d\u00eda del viaje en efectivo;<\/li>\n<li class=\"translation-block\">Las cancelaciones de servicios prepagados realizadas hasta 48 horas antes tendr\u00e1n derecho a un reembolso completo, pasado este plazo se cobrar\u00e1 una tasa.\nLas cancelaciones efectuadas con hasta 48 horas de antelaci\u00f3n tendr\u00e1n derecho a un reembolso completo;<\/li>\n<li class=\"translation-block\">Oporto Sensations Tour tiene el derecho de cancelar el tour, ofreciendo al cliente una alternativa o un reembolso completo;<\/li>\n<li class=\"translation-block\">Las reservas directas se pueden hacer a trav\u00e9s de nuestra p\u00e1gina web, correo electr\u00f3nico o tel\u00e9fono. Las reservas directas se pueden hacer a trav\u00e9s de nuestro sitio web, correo electr\u00f3nico o tel\u00e9fono. S\u00f3lo se confirman una vez que hayamos enviado la confirmaci\u00f3n por escrito a trav\u00e9s de correo electr\u00f3nico, Whatsapp, Facebook o SMS;<\/li>\n<li class=\"translation-block\">No est\u00e1 permitido fumar, comer ni beber dentro del veh\u00edculo, a excepci\u00f3n del agua;<\/li>\n<li class=\"translation-block\">Ni\u00f1os hasta 3 a\u00f1os gratis, 50% de descuento entre 4 y 11 a\u00f1os, a partir de 12 a\u00f1os es el precio de adulto. El gu\u00eda tiene derecho a pedir una prueba de la edad del ni\u00f1o (DNI).<\/li>\n<li>S\u00f3lo las reservas realizadas a trav\u00e9s de nuestra p\u00e1gina web tienen derecho a los precios y ofertas especiales anteriores.<\/li>\n<li>Los descuentos no son acumulables.<\/li>\n<li>Todos los precios anunciados incluyen el IVA al tipo legal vigente<\/li>\n<\/ul>","protected":false},"excerpt":{"rendered":"<p>Contactos Tours in 5 to\u00a09\u00a0seats vehicles with air conditioning; Tours with small groups, up to 8 people; Requesting a private tour is charged an additional fee of 250 euros; Passengers insurance according to the Portuguese legislation; In case a place of visit is closed, an alternative will be provided; Oporto Sensations Tour is not liable [&hellip;]<\/p>","protected":false},"author":1,"featured_media":0,"parent":0,"menu_order":0,"comment_status":"closed","ping_status":"closed","template":"","meta":{"_acf_changed":false,"site-sidebar-layout":"no-sidebar","site-content-layout":"page-builder","ast-site-content-layout":"full-width-container","site-content-style":"unboxed","site-sidebar-style":"unboxed","ast-global-header-display":"","ast-banner-title-visibility":"","ast-main-header-display":"","ast-hfb-above-header-display":"","ast-hfb-below-header-display":"","ast-hfb-mobile-header-display":"","site-post-title":"disabled","ast-breadcrumbs-content":"","ast-featured-img":"disabled","footer-sml-layout":"","theme-transparent-header-meta":"default","adv-header-id-meta":"","stick-header-meta":"","header-above-stick-meta":"","header-main-stick-meta":"","header-below-stick-meta":"","astra-migrate-meta-layouts":"set","ast-page-background-enabled":"default","ast-page-background-meta":{"desktop":{"background-color":"","background-image":"","background-repeat":"repeat","background-position":"center center","background-size":"auto","background-attachment":"scroll","background-type":"","background-media":"","overlay-type":"","overlay-color":"","overlay-opacity":"","overlay-gradient":""},"tablet":{"background-color":"","background-image":"","background-repeat":"repeat","background-position":"center center","background-size":"auto","background-attachment":"scroll","background-type":"","background-media":"","overlay-type":"","overlay-color":"","overlay-opacity":"","overlay-gradient":""},"mobile":{"background-color":"","background-image":"","background-repeat":"repeat","background-position":"center center","background-size":"auto","background-attachment":"scroll","background-type":"","background-media":"","overlay-type":"","overlay-color":"","overlay-opacity":"","overlay-gradient":""}},"ast-content-background-meta":{"desktop":{"background-color":"var(--ast-global-color-5)","background-image":"","background-repeat":"repeat","background-position":"center center","background-size":"auto","background-attachment":"scroll","background-type":"","background-media":"","overlay-type":"","overlay-color":"","overlay-opacity":"","overlay-gradient":""},"tablet":{"background-color":"var(--ast-global-color-5)","background-image":"","background-repeat":"repeat","background-position":"center center","background-size":"auto","background-attachment":"scroll","background-type":"","background-media":"","overlay-type":"","overlay-color":"","overlay-opacity":"","overlay-gradient":""},"mobile":{"background-color":"var(--ast-global-color-5)","background-image":"","background-repeat":"repeat","background-position":"center center","background-size":"auto","background-attachment":"scroll","background-type":"","background-media":"","overlay-type":"","overlay-color":"","overlay-opacity":"","overlay-gradient":""}},"footnotes":""},"class_list":["post-197","page","type-page","status-publish","hentry"],"acf":[],"_links":{"self":[{"href":"https:\/\/www.oportosensationstour.com\/es\/wp-json\/wp\/v2\/pages\/197"}],"collection":[{"href":"https:\/\/www.oportosensationstour.com\/es\/wp-json\/wp\/v2\/pages"}],"about":[{"href":"https:\/\/www.oportosensationstour.com\/es\/wp-json\/wp\/v2\/types\/page"}],"author":[{"embeddable":true,"href":"https:\/\/www.oportosensationstour.com\/es\/wp-json\/wp\/v2\/users\/1"}],"replies":[{"embeddable":true,"href":"https:\/\/www.oportosensationstour.com\/es\/wp-json\/wp\/v2\/comments?post=197"}],"version-history":[{"count":9,"href":"https:\/\/www.oportosensationstour.com\/es\/wp-json\/wp\/v2\/pages\/197\/revisions"}],"predecessor-version":[{"id":9680,"href":"https:\/\/www.oportosensationstour.com\/es\/wp-json\/wp\/v2\/pages\/197\/revisions\/9680"}],"wp:attachment":[{"href":"https:\/\/www.oportosensationstour.com\/es\/wp-json\/wp\/v2\/media?parent=197"}],"curies":[{"name":"wp","href":"https:\/\/api.w.org\/{rel}","templated":true}]}}